{"id":368,"date":"2024-04-22T12:29:20","date_gmt":"2024-04-22T10:29:20","guid":{"rendered":"https:\/\/turystykawytchnieniowa.pl\/?page_id=368"},"modified":"2024-04-22T12:29:20","modified_gmt":"2024-04-22T10:29:20","slug":"deklaracja-dostepnosci","status":"publish","type":"page","link":"https:\/\/turystykawytchnieniowa.pl\/en\/deklaracja-dostepnosci\/","title":{"rendered":"Declaration of availability"},"content":{"rendered":"<h1>Accessibility Declaration for the website www.turystykawytchnieniowa.pl<\/h1>\n<p id=\"a11y-wstep\">\n<span id=\"a11y-podmiot\">All-Poland Network of Hemp Tourism<\/span>  undertakes to ensure the accessibility of its website in accordance with the provisions of the Act of 4 April 2019 on digital accessibility of websites and mobile applications of public entities. The accessibility declaration applies to  \n<a href=\"https:\/\/turystykawytchnieniowa.pl\/en\/\" id=\"a11y-url\" target=\"_blank\" rel=\"noopener\">website of the National Respite Tourism Network<\/a>.<\/p>\n<ul>\n  <li>Website publication date:  \n  <span id=\"a11y-data-publikacja\">2024-04-22<\/span>.<\/li>\n  <li>Date of last significant update:  \n  <span id=\"a11y-data-aktualizacja\">2024-04-22<\/span>.<\/li>\n<\/ul>\n<section>\n  <h2>Status of compliance with the Act<\/h2>\n  <p id=\"a11y-status\">\n  <strong>The website complies<\/strong>  with the Act of 4 April 2019 on digital accessibility of websites and mobile applications of public entities.<\/p>\n<\/section>\n<section>\n  <h2>Preparation of an accessibility declaration<\/h2>\n  <p>The declaration was made on:  \n  <span id=\"a11y-data-sporzadzenie\">2024-04-22<\/span>.<\/p>\n  <p>The declaration was prepared on the basis of a self-assessment conducted by a public entity.<\/p>\n  <p>Date of last declaration review:  \n  <span id=\"a11y-data-przeglad\">2024-04-22<\/span>.<\/p>\n<\/section>\n<section>\n  <h2>Keyboard shortcuts<\/h2>\n  <ul>\n    <li>You can use standard keyboard shortcuts on the website.<\/li>\n  <\/ul>\n<\/section>\n<section>\n  <h2 id=\"a11y-kontakt\">Feedback and contact details<\/h2>\n  <p>If you experience any issues with website accessibility, please contact us. Your contact person is:  \n  <span id=\"a11y-osoba\">Jacek Parafinowicz<\/span>,  \n  <a href=\"mailto:jacek.parafinowicz@gmail.com\" title=\"Email address for accessibility contact person.\">\n    <span id=\"a11y-email\">jacek.parafinowicz@gmail.com<\/span>\n  <\/a>. You can also submit requests for access to inaccessible information and complaints about failure to provide access.<\/p>\n  <section>\n    <h3>Handling requests and complaints related to accessibility<\/h3>\n    <p id=\"a11y-procedura\">Everyone has the right to request the digital accessibility of a website, mobile application, or any element thereof. Information may also be requested through an alternative access method, for example, by reading a digitally inaccessible document, describing the content of a video without audio description, etc. The request should include the requester&#039;s details, the website or mobile application in question, and contact information. If the requester requests information through an alternative access method, they should also specify a convenient way to present this information. The public entity should fulfill the request promptly, no later than seven days from the date of the request. If this deadline cannot be met, the public entity shall immediately inform the requester when it will be possible to fulfill the request, but this deadline cannot be longer than two months from the date of the request. If ensuring digital accessibility is not possible, the public entity may propose an alternative method of accessing the information. If a public entity refuses to comply with a request for accessibility or an alternative means of accessing information, the requesting party may file a complaint regarding the digital accessibility of a website, mobile application, or element of a website or mobile application. After exhausting the above-mentioned procedure, a complaint may also be filed with the Commissioner for Human Rights.<\/p>\n    <p>\n      <a href=\"https:\/\/www.rpo.gov.pl\/content\/jak-zglosic-sie-do-rzecznika-praw-obywatelskich\" target=\"_blank\" rel=\"noopener\">Website of the Commissioner for Human Rights<\/a>\n    <\/p>\n  <\/section>\n<\/section>\n<section>\n  <h2 id=\"a11y-architektura\">Architectural accessibility<\/h2>\n<p>no stationary office<\/p>\n<\/section>\n<section>\n  <h2 id=\"a11y-aplikacje\">Mobile applications<\/h2>\n  <p>lack<\/p>\n<\/section>\n<section>\n  <section>\n    <h2>Additional information<\/h2>\n    <li>The accessibility declaration was prepared in \n    <a href='https:\/\/deklaracja-dostepnosci.info\/generator' external=\"\">Accessibility Declaration Generator.<\/a>.<\/li>\n  <\/section>\n<\/section>","protected":false},"excerpt":{"rendered":"<p>Deklaracja Dost\u0119pno\u015bci dla strony internetowej www.turystykawytchnieniowa.pl Og\u00f3lnopolska Sie\u0107 Turystyki Wytchnieniowej zobowi\u0105zuje si\u0119 zapewni\u0107 dost\u0119pno\u015b\u0107 swojej strony internetowej zgodnie z przepisami ustawy z dnia 4 kwietnia 2019 r. o dost\u0119pno\u015bci cyfrowej stron internetowych i aplikacji mobilnych podmiot\u00f3w publicznych. O\u015bwiadczenie w sprawie dost\u0119pno\u015bci ma zastosowanie do strony internetowej Og\u00f3lnopolskiej Sieci Turystyki Wytchnieniowej. Data publikacji strony internetowej: 2024-04-22. [&hellip;]<\/p>\n","protected":false},"author":3,"featured_media":0,"parent":0,"menu_order":0,"comment_status":"closed","ping_status":"closed","template":"","meta":{"footnotes":""},"class_list":["post-368","page","type-page","status-publish","hentry"],"_links":{"self":[{"href":"https:\/\/turystykawytchnieniowa.pl\/en\/wp-json\/wp\/v2\/pages\/368","targetHints":{"allow":["GET"]}}],"collection":[{"href":"https:\/\/turystykawytchnieniowa.pl\/en\/wp-json\/wp\/v2\/pages"}],"about":[{"href":"https:\/\/turystykawytchnieniowa.pl\/en\/wp-json\/wp\/v2\/types\/page"}],"author":[{"embeddable":true,"href":"https:\/\/turystykawytchnieniowa.pl\/en\/wp-json\/wp\/v2\/users\/3"}],"replies":[{"embeddable":true,"href":"https:\/\/turystykawytchnieniowa.pl\/en\/wp-json\/wp\/v2\/comments?post=368"}],"version-history":[{"count":1,"href":"https:\/\/turystykawytchnieniowa.pl\/en\/wp-json\/wp\/v2\/pages\/368\/revisions"}],"predecessor-version":[{"id":369,"href":"https:\/\/turystykawytchnieniowa.pl\/en\/wp-json\/wp\/v2\/pages\/368\/revisions\/369"}],"wp:attachment":[{"href":"https:\/\/turystykawytchnieniowa.pl\/en\/wp-json\/wp\/v2\/media?parent=368"}],"curies":[{"name":"wp","href":"https:\/\/api.w.org\/{rel}","templated":true}]}}